{"id":1371,"date":"2013-02-11T12:11:31","date_gmt":"2013-02-11T14:11:31","guid":{"rendered":"http:\/\/www.farfilho.com.br\/site\/?page_id=1371"},"modified":"2013-02-12T11:06:54","modified_gmt":"2013-02-12T13:06:54","slug":"protecaocogeracao2","status":"publish","type":"page","link":"http:\/\/www.farfilho.com.br\/site\/?page_id=1371","title":{"rendered":"Aulas de P\u00f3s Gradua\u00e7\u00e3o na UNISANTA: Prote\u00e7\u00e3o de Cogera\u00e7\u00e3o [Parte 2\/2]"},"content":{"rendered":"<p>&nbsp;<\/p>\n<p><iframe loading=\"lazy\" src=\"http:\/\/www.youtube.com\/embed\/tp1GV3ZkY_8?rel=0\" frameborder=\"0\" width=\"420\" height=\"315\"><\/iframe><\/p>\n","protected":false},"excerpt":{"rendered":"<p>&nbsp;<\/p>\n","protected":false},"author":1,"featured_media":0,"parent":1396,"menu_order":0,"comment_status":"closed","ping_status":"closed","template":"page-full.php","meta":{"footnotes":""},"_links":{"self":[{"href":"http:\/\/www.farfilho.com.br\/site\/index.php?rest_route=\/wp\/v2\/pages\/1371"}],"collection":[{"href":"http:\/\/www.farfilho.com.br\/site\/index.php?rest_route=\/wp\/v2\/pages"}],"about":[{"href":"http:\/\/www.farfilho.com.br\/site\/index.php?rest_route=\/wp\/v2\/types\/page"}],"author":[{"embeddable":true,"href":"http:\/\/www.farfilho.com.br\/site\/index.php?rest_route=\/wp\/v2\/users\/1"}],"replies":[{"embeddable":true,"href":"http:\/\/www.farfilho.com.br\/site\/index.php?rest_route=%2Fwp%2Fv2%2Fcomments&post=1371"}],"version-history":[{"count":5,"href":"http:\/\/www.farfilho.com.br\/site\/index.php?rest_route=\/wp\/v2\/pages\/1371\/revisions"}],"predecessor-version":[{"id":1483,"href":"http:\/\/www.farfilho.com.br\/site\/index.php?rest_route=\/wp\/v2\/pages\/1371\/revisions\/1483"}],"up":[{"embeddable":true,"href":"http:\/\/www.farfilho.com.br\/site\/index.php?rest_route=\/wp\/v2\/pages\/1396"}],"wp:attachment":[{"href":"http:\/\/www.farfilho.com.br\/site\/index.php?rest_route=%2Fwp%2Fv2%2Fmedia&parent=1371"}],"curies":[{"name":"wp","href":"https:\/\/api.w.org\/{rel}","templated":true}]}}