{"id":1380,"date":"2013-02-11T12:19:05","date_gmt":"2013-02-11T14:19:05","guid":{"rendered":"http:\/\/www.farfilho.com.br\/site\/?page_id=1380"},"modified":"2013-02-12T11:10:16","modified_gmt":"2013-02-12T13:10:16","slug":"seletividade2","status":"publish","type":"page","link":"http:\/\/www.farfilho.com.br\/site\/?page_id=1380","title":{"rendered":"Aulas de P\u00f3s Gradua\u00e7\u00e3o na UNISANTA: Seletividade [Parte 2\/3]"},"content":{"rendered":"<p>&nbsp;<\/p>\n<p><iframe loading=\"lazy\" width=\"420\" height=\"315\" src=\"http:\/\/www.youtube.com\/embed\/R4ocPMR_Dtg?rel=0\" frameborder=\"0\" allowfullscreen><\/iframe><\/p>\n","protected":false},"excerpt":{"rendered":"<p>&nbsp;<\/p>\n","protected":false},"author":1,"featured_media":0,"parent":1394,"menu_order":0,"comment_status":"closed","ping_status":"closed","template":"page-full.php","meta":{"footnotes":""},"_links":{"self":[{"href":"http:\/\/www.farfilho.com.br\/site\/index.php?rest_route=\/wp\/v2\/pages\/1380"}],"collection":[{"href":"http:\/\/www.farfilho.com.br\/site\/index.php?rest_route=\/wp\/v2\/pages"}],"about":[{"href":"http:\/\/www.farfilho.com.br\/site\/index.php?rest_route=\/wp\/v2\/types\/page"}],"author":[{"embeddable":true,"href":"http:\/\/www.farfilho.com.br\/site\/index.php?rest_route=\/wp\/v2\/users\/1"}],"replies":[{"embeddable":true,"href":"http:\/\/www.farfilho.com.br\/site\/index.php?rest_route=%2Fwp%2Fv2%2Fcomments&post=1380"}],"version-history":[{"count":4,"href":"http:\/\/www.farfilho.com.br\/site\/index.php?rest_route=\/wp\/v2\/pages\/1380\/revisions"}],"predecessor-version":[{"id":1496,"href":"http:\/\/www.farfilho.com.br\/site\/index.php?rest_route=\/wp\/v2\/pages\/1380\/revisions\/1496"}],"up":[{"embeddable":true,"href":"http:\/\/www.farfilho.com.br\/site\/index.php?rest_route=\/wp\/v2\/pages\/1394"}],"wp:attachment":[{"href":"http:\/\/www.farfilho.com.br\/site\/index.php?rest_route=%2Fwp%2Fv2%2Fmedia&parent=1380"}],"curies":[{"name":"wp","href":"https:\/\/api.w.org\/{rel}","templated":true}]}}