{"id":1394,"date":"2013-02-11T12:23:14","date_gmt":"2013-02-11T14:23:14","guid":{"rendered":"http:\/\/www.farfilho.com.br\/site\/?page_id=1394"},"modified":"2013-02-12T12:18:19","modified_gmt":"2013-02-12T14:18:19","slug":"seletividade","status":"publish","type":"page","link":"http:\/\/www.farfilho.com.br\/site\/?page_id=1394","title":{"rendered":"Aulas de P\u00f3s Gradua\u00e7\u00e3o na UNISANTA: Seletividade"},"content":{"rendered":"<p>&nbsp;<\/p>\n<ul style=\"text-align: justify;\">\n<li><strong><a title=\"Aulas de P\u00f3s Gradua\u00e7\u00e3o na UNISANTA: Seletividade [Parte 1\/3]\" href=\"http:\/\/www.farfilho.com.br\/site\/videos\/aulasunisanta\/seletividade\/seletividade1\/\" target=\"_blank\">Parte 1<\/a><\/strong><\/li>\n<\/ul>\n<ul style=\"text-align: justify;\">\n<li><a title=\"Aulas de P\u00f3s Gradua\u00e7\u00e3o na UNISANTA: Seletividade [Parte 2\/3]\" href=\"http:\/\/www.farfilho.com.br\/site\/videos\/aulasunisanta\/seletividade\/seletividade2\/\" target=\"_blank\"><strong>Parte 2<\/strong><\/a><\/li>\n<\/ul>\n<ul>\n<li style=\"text-align: justify;\"><a title=\"Aulas de P\u00f3s Gradua\u00e7\u00e3o na UNISANTA: Seletividade [Parte 3\/3]\" href=\"http:\/\/www.farfilho.com.br\/site\/videos\/aulasunisanta\/seletividade\/seletividade3\/\" target=\"_blank\"><strong>Parte 3<\/strong><\/a><\/li>\n<\/ul>\n","protected":false},"excerpt":{"rendered":"<p>&nbsp; Parte 1 Parte 2 Parte 3<\/p>\n","protected":false},"author":1,"featured_media":0,"parent":1180,"menu_order":0,"comment_status":"closed","ping_status":"closed","template":"page-full.php","meta":{"footnotes":""},"_links":{"self":[{"href":"http:\/\/www.farfilho.com.br\/site\/index.php?rest_route=\/wp\/v2\/pages\/1394"}],"collection":[{"href":"http:\/\/www.farfilho.com.br\/site\/index.php?rest_route=\/wp\/v2\/pages"}],"about":[{"href":"http:\/\/www.farfilho.com.br\/site\/index.php?rest_route=\/wp\/v2\/types\/page"}],"author":[{"embeddable":true,"href":"http:\/\/www.farfilho.com.br\/site\/index.php?rest_route=\/wp\/v2\/users\/1"}],"replies":[{"embeddable":true,"href":"http:\/\/www.farfilho.com.br\/site\/index.php?rest_route=%2Fwp%2Fv2%2Fcomments&post=1394"}],"version-history":[{"count":7,"href":"http:\/\/www.farfilho.com.br\/site\/index.php?rest_route=\/wp\/v2\/pages\/1394\/revisions"}],"predecessor-version":[{"id":1401,"href":"http:\/\/www.farfilho.com.br\/site\/index.php?rest_route=\/wp\/v2\/pages\/1394\/revisions\/1401"}],"up":[{"embeddable":true,"href":"http:\/\/www.farfilho.com.br\/site\/index.php?rest_route=\/wp\/v2\/pages\/1180"}],"wp:attachment":[{"href":"http:\/\/www.farfilho.com.br\/site\/index.php?rest_route=%2Fwp%2Fv2%2Fmedia&parent=1394"}],"curies":[{"name":"wp","href":"https:\/\/api.w.org\/{rel}","templated":true}]}}