{"id":189,"date":"2012-10-26T14:43:46","date_gmt":"2012-10-26T16:43:46","guid":{"rendered":"http:\/\/www.farfilho.com.br\/site\/?page_id=189"},"modified":"2015-07-24T23:09:05","modified_gmt":"2015-07-25T02:09:05","slug":"apresentacoeseoutros","status":"publish","type":"page","link":"http:\/\/www.farfilho.com.br\/site\/?page_id=189","title":{"rendered":"Apresenta\u00e7\u00f5es e Outros"},"content":{"rendered":"<p>&nbsp;<\/p>\n<p><em>Para visualizar os v\u00eddeos, clique nos links ou imagens abaixo ou selecione o v\u00eddeo diretamente atrav\u00e9s do menu acima.<\/em><\/p>\n<p>&nbsp;<\/p>\n<ul style=\"text-align: justify;\">\n<li><span style=\"color: #000000;\"><strong><a href=\"http:\/\/www.farfilho.com.br\/site\/videos\/gerais\/entrevistaglobo\/\" target=\"_blank\"><span style=\"color: #000000;\">Entrevista na Rede Globo [2001]<\/span><\/a><\/strong><\/span><\/li>\n<\/ul>\n<p style=\"padding-left: 30px;\"><a href=\"http:\/\/www.farfilho.com.br\/site\/videos\/gerais\/entrevistaglobo\/\" target=\"_blank\"><img decoding=\"async\" loading=\"lazy\" class=\"alignnone size-medium wp-image-1061\" title=\"Entrevista na Globo - Video Image\" src=\"http:\/\/www.farfilho.com.br\/site\/wp-content\/uploads\/2013\/02\/Entrevista-na-Globo-Video-Image-300x210.png\" alt=\"\" width=\"300\" height=\"210\" srcset=\"http:\/\/www.farfilho.com.br\/site\/wp-content\/uploads\/2013\/02\/Entrevista-na-Globo-Video-Image-300x210.png 300w, http:\/\/www.farfilho.com.br\/site\/wp-content\/uploads\/2013\/02\/Entrevista-na-Globo-Video-Image-1024x717.png 1024w, http:\/\/www.farfilho.com.br\/site\/wp-content\/uploads\/2013\/02\/Entrevista-na-Globo-Video-Image.png 1216w\" sizes=\"(max-width: 300px) 100vw, 300px\" \/><\/a><\/p>\n<p style=\"text-align: justify;\"><strong>&#8212;&#8212;&#8212;&#8212;&#8212;&#8212;&#8212;&#8212;&#8212;&#8212;&#8212;&#8212;&#8212;&#8212;&#8212;&#8212;&#8212;&#8212;&#8212;&#8212;&#8212;&#8212;&#8211;<br \/>\n<\/strong><\/p>\n<ul style=\"text-align: justify;\">\n<li><a href=\"http:\/\/www.farfilho.com.br\/site\/videos\/gerais\/tesedoutorado\/\" target=\"_blank\"><span style=\"color: #333399;\"><span style=\"color: #333399;\"><strong>Tese de Doutorado [2002]<\/strong><\/span><\/span><\/a><\/li>\n<\/ul>\n<p style=\"text-align: justify; padding-left: 30px;\"><a href=\"http:\/\/www.farfilho.com.br\/site\/videos\/gerais\/tesedoutorado\/\" target=\"_blank\"><strong><img decoding=\"async\" loading=\"lazy\" class=\"alignnone size-medium wp-image-1070\" title=\"Tese de Doutorado - Video Image\" src=\"http:\/\/www.farfilho.com.br\/site\/wp-content\/uploads\/2012\/10\/Tese-de-Doutorado-Video-Image-300x219.png\" alt=\"\" width=\"300\" height=\"219\" srcset=\"http:\/\/www.farfilho.com.br\/site\/wp-content\/uploads\/2012\/10\/Tese-de-Doutorado-Video-Image-300x219.png 300w, http:\/\/www.farfilho.com.br\/site\/wp-content\/uploads\/2012\/10\/Tese-de-Doutorado-Video-Image.png 922w\" sizes=\"(max-width: 300px) 100vw, 300px\" \/><\/strong><\/a><\/p>\n<p style=\"text-align: justify;\"><span class=\"Apple-style-span\" style=\"font-weight: 900;\"><strong>&#8212;&#8212;&#8212;&#8212;&#8212;&#8212;&#8212;&#8212;&#8212;&#8212;&#8212;&#8212;&#8212;&#8212;&#8212;&#8212;&#8212;&#8212;&#8212;&#8212;&#8212;&#8212;&#8211;<\/strong><\/span><\/p>\n<ul style=\"text-align: justify;\">\n<li>\n<h4><a href=\"http:\/\/www.farfilho.com.br\/site\/videos\/gerais\/stpc2012\/\" target=\"_blank\"><span style=\"color: #333399;\"><span style=\"color: #333399;\"><strong>Apresenta\u00e7\u00e3o no STPC [2012]<\/strong><\/span><\/span><\/a><\/h4>\n<\/li>\n<\/ul>\n<p style=\"text-align: justify; padding-left: 30px;\"><a href=\"http:\/\/www.farfilho.com.br\/site\/videos\/gerais\/stpc2012\/\" target=\"_blank\"><strong><img decoding=\"async\" loading=\"lazy\" class=\"alignnone size-medium wp-image-1071\" title=\"STPC 2012 - Video Image\" src=\"http:\/\/www.farfilho.com.br\/site\/wp-content\/uploads\/2012\/10\/STPC-2012-Video-Image-300x189.png\" alt=\"\" width=\"300\" height=\"189\" srcset=\"http:\/\/www.farfilho.com.br\/site\/wp-content\/uploads\/2012\/10\/STPC-2012-Video-Image-300x189.png 300w, http:\/\/www.farfilho.com.br\/site\/wp-content\/uploads\/2012\/10\/STPC-2012-Video-Image.png 896w\" sizes=\"(max-width: 300px) 100vw, 300px\" \/><\/strong><\/a><\/p>\n","protected":false},"excerpt":{"rendered":"<p>&nbsp; Para visualizar os v\u00eddeos, clique nos links ou imagens abaixo ou selecione o v\u00eddeo diretamente atrav\u00e9s do menu acima. &nbsp; Entrevista na Rede Globo [2001] &#8212;&#8212;&#8212;&#8212;&#8212;&#8212;&#8212;&#8212;&#8212;&#8212;&#8212;&#8212;&#8212;&#8212;&#8212;&#8212;&#8212;&#8212;&#8212;&#8212;&#8212;&#8212;&#8211; Tese de Doutorado [2002] &#8212;&#8212;&#8212;&#8212;&#8212;&#8212;&#8212;&#8212;&#8212;&#8212;&#8212;&#8212;&#8212;&#8212;&#8212;&#8212;&#8212;&#8212;&#8212;&#8212;&#8212;&#8212;&#8211; Apresenta\u00e7\u00e3o no STPC [2012]<\/p>\n","protected":false},"author":1,"featured_media":0,"parent":1177,"menu_order":0,"comment_status":"closed","ping_status":"closed","template":"page-full.php","meta":{"footnotes":""},"_links":{"self":[{"href":"http:\/\/www.farfilho.com.br\/site\/index.php?rest_route=\/wp\/v2\/pages\/189"}],"collection":[{"href":"http:\/\/www.farfilho.com.br\/site\/index.php?rest_route=\/wp\/v2\/pages"}],"about":[{"href":"http:\/\/www.farfilho.com.br\/site\/index.php?rest_route=\/wp\/v2\/types\/page"}],"author":[{"embeddable":true,"href":"http:\/\/www.farfilho.com.br\/site\/index.php?rest_route=\/wp\/v2\/users\/1"}],"replies":[{"embeddable":true,"href":"http:\/\/www.farfilho.com.br\/site\/index.php?rest_route=%2Fwp%2Fv2%2Fcomments&post=189"}],"version-history":[{"count":49,"href":"http:\/\/www.farfilho.com.br\/site\/index.php?rest_route=\/wp\/v2\/pages\/189\/revisions"}],"predecessor-version":[{"id":635,"href":"http:\/\/www.farfilho.com.br\/site\/index.php?rest_route=\/wp\/v2\/pages\/189\/revisions\/635"}],"up":[{"embeddable":true,"href":"http:\/\/www.farfilho.com.br\/site\/index.php?rest_route=\/wp\/v2\/pages\/1177"}],"wp:attachment":[{"href":"http:\/\/www.farfilho.com.br\/site\/index.php?rest_route=%2Fwp%2Fv2%2Fmedia&parent=189"}],"curies":[{"name":"wp","href":"https:\/\/api.w.org\/{rel}","templated":true}]}}